{"id":30,"date":"2015-11-18T15:15:21","date_gmt":"2015-11-18T14:15:21","guid":{"rendered":"http:\/\/www.sachverstand.org\/blog11\/?page_id=30"},"modified":"2025-12-07T12:10:16","modified_gmt":"2025-12-07T11:10:16","slug":"kontakt","status":"publish","type":"page","link":"https:\/\/www.sachverstand.org\/blog11\/kontakt\/","title":{"rendered":"Kontakt"},"content":{"rendered":"\n<p>Als beeideter Sachverst\u00e4ndiger f\u00fcr Licht- und L\u00e4rmimmissionen (Fachgebiet 06.40 \u201eMa\u00dfnahmen zur Vermeidung \u00fcberh\u00f6hter L\u00e4rmentfaltung\u201c zur G\u00e4nze und Fachgebiete 06.01 \u201eNaturschutz\u201c und 06.70 \u201eUmweltsch\u00e4den, Umweltvertr\u00e4glichkeit, Sanierung\u201c auf L\u00e4rm- und Lichtimmissionen eingeschr\u00e4nkt) bin ich seit mittlerweile 25 Jahren im Bereich der Immissionstechnik t\u00e4tig, sowie Mitarbeiter in facheinschl\u00e4gigen Gremien.<\/p>\n\n\n\n<figure class=\"wp-block-image size-full is-resized\" id=\"https:\/\/justizonline.gv.at\/jop\/web\/exl\/W885918?OpenDocument=\"><a href=\"https:\/\/justizonline.gv.at\/jop\/web\/exl\/W885918?OpenDocument=\" target=\"_blank\" rel=\" noreferrer noopener\"><img loading=\"lazy\" decoding=\"async\" width=\"385\" height=\"352\" src=\"https:\/\/www.sachverstand.org\/blog11\/wp-content\/uploads\/2025\/10\/SDG-Logo.jpg\" alt=\"\" class=\"wp-image-1575\" style=\"width:110px;height:auto\" srcset=\"https:\/\/www.sachverstand.org\/blog11\/wp-content\/uploads\/2025\/10\/SDG-Logo.jpg 385w, https:\/\/www.sachverstand.org\/blog11\/wp-content\/uploads\/2025\/10\/SDG-Logo-300x274.jpg 300w\" sizes=\"auto, (max-width: 385px) 100vw, 385px\" \/><\/a><\/figure>\n\n\n\n<p>Ich stehe Ihnen bundesweit f\u00fcr Beratungen, Untersuchungen und Expertisen zur Verf\u00fcgung.<\/p>\n\n\n\n<p><strong>Technisches B\u00fcro f\u00fcr Umweltschutz Dipl.-HTL-Ing. Andreas Doppler<br>Hausberg 8, 4322 Windhaag bei Perg<\/strong><\/p>\n\n\n\n<p><strong>office[at]sachverstand.org<br>+43 660 659 1405<\/strong><\/p>\n\n\n\n<p>Profil:<\/p>\n\n\n\n<ul class=\"wp-block-list\">\n<li>Bauingenieur und Umwelttechniker mit Expertenwissen im Bereich der Schall- und Lichttechnik,<\/li>\n\n\n\n<li>T\u00e4tigkeitsschwerpunkte in Beh\u00f6rdenverfahren nach GewO, AWG, UVE\/UVP, SUP und in sonstigen Umweltverfahren,<\/li>\n\n\n\n<li>Allgemein beeideter und gerichtlich zertifizierter Sachverst\u00e4ndiger f\u00fcr das Fachthema \u201eL\u00e4rm\u201c und der erste in \u00d6sterreich gemeldete SV f\u00fcr \u201eLichtimmissionen\u201c, Ausbildung zum Umweltmanager \/ Abfallbeauftragten \/ Umweltauditor und Koordinator nach BauKG.<\/li>\n\n\n\n<li>15 Jahre als Projektleiter\/Sachverst\u00e4ndiger\/Prokurist der TAS SV-GmbH (u.a. Fachb\u00fcro f\u00fcr Akustik) t\u00e4tig.<\/li>\n\n\n\n<li>Wechsel in die Selbstst\u00e4ndigkeit mit Sommer 2014, Projektleitererfahrung seit 25 Jahren.<\/li>\n\n\n\n<li>Berufung als nichtamtlicher SV f\u00fcr Immissionstechnik beim Land Salzburg, dem Land Ober\u00f6sterreich, dem Land Nieder\u00f6sterreich und beim Bundesverwaltungsgericht.<\/li>\n<\/ul>\n\n\n\n<p>T\u00e4tigkeitsschwerpunkte:<\/p>\n\n\n\n<ul class=\"wp-block-list\">\n<li>Umweltschutz allgemein: Anwendung von Normen und Richtlinien, umfassende Erfahrung und Wissen zu Beh\u00f6rdenverfahren (insbesondere Genehmigungsverfahren nach GewO und UVP-G)<\/li>\n\n\n\n<li>Umweltschutz speziell: Fachexperte im Bereich Immissionsschutz (insbesondere L\u00e4rm und Licht)<\/li>\n\n\n\n<li>Umweltschutz speziell: Erfahrung im Bereich Abfallwirtschaft und Umweltmanagement<\/li>\n\n\n\n<li>Erfahrung in der Anwendung und Nutzung von Simulationssoftware, Erfahrung im EDV-konformen Konstruieren von Umweltmodellen und im Bereich des CAD (Computer aided Design)<\/li>\n\n\n\n<li>Fach\u00fcbergreifendes KnowHow zu Technik-, Medizin- und Rechtsthemen im Bereich des Umweltschutzes<\/li>\n\n\n\n<li>Erfahrung beim Aufbereiten und Verwerten von Unterlagen f\u00fcr technische Publikationen und Erfahrung im Umgang mit Publikum (\u00d6ffentlichkeitsarbeit im Rahmen von Vortr\u00e4gen, Podiumsdiskussionen, Mediationen u. dgl.)<\/li>\n<\/ul>\n\n\n\n<p>Weiterf\u00fchrende Informationen:<\/p>\n\n\n\n<p><a href=\"https:\/\/firmen.wko.at\/dipl-htl-ing-andreas-doppler-technisches-b%C3%BCro-f%C3%BCr-umweltschutz\/ober%C3%B6sterreich\/?firmaid=cb91e382-8eda-4563-9379-9e45da7cc82c\">https:\/\/firmen.wko.at\/dipl-htl-ing-andreas-doppler-technisches-b%C3%BCro-f%C3%BCr-umweltschutz\/ober%C3%B6sterreich\/?firmaid=cb91e382-8eda-4563-9379-9e45da7cc82c<\/a><\/p>\n\n\n\n<p><a href=\"https:\/\/www.herold.at\/gelbe-seiten\/windhaag-bei-perg\/TB6Pq\/technisches-buero-fuer-umweltschutz-dipl-htl-ing-andreas-doppler\">https:\/\/www.herold.at\/gelbe-seiten\/windhaag-bei-perg\/TB6Pq\/technisches-buero-fuer-umweltschutz-dipl-htl-ing-andreas-doppler<\/a><\/p>\n\n\n\n<p><a href=\"https:\/\/www.ingenieurbueros.at\/verband\/de\">https:\/\/www.ingenieurbueros.at\/verband\/de<\/a><\/p>\n\n\n\n<p class=\"has-black-color has-text-color has-link-color has-small-font-size wp-elements-ec083e7a14abb3c5baf5d586807183c5\">Akustik Linz, L\u00e4rm Linz, Ober\u00f6sterreich, Kinderl\u00e4rm, Nachbarschaftsl\u00e4rm, Blendung, Freizeitl\u00e4rm, Industriel\u00e4rm, Gewerbel\u00e4rm, Fl\u00e4chenwidmung, Verkehrsl\u00e4rm, Eisenbahnl\u00e4rm, Stra\u00dfenl\u00e4rm, Flugl\u00e4rm, Bauphysik, Schallschutz, Schallschutzma\u00dfnahmen, Schallschutzgutachten, L\u00e4rmschutzma\u00dfnahmen, L\u00e4rmschutzwand, L\u00e4rmschutz, Schallschutz, Bauphysik, Raumakustik, Stra\u00dfenbeleuchtung, Parkplatzbeleuchtung, PV-Anlage, Glasfassade, W\u00e4rmepumpe, L\u00fcftungsanlagen, Hundegebell, Gerichtsklage, Gewerberecht, Baurecht, Grenzwerte, Weihnachtsbeleuchtung, Veranstaltungsl\u00e4rm, Gerichtsklage, Zivilrecht, L\u00e4rm, Licht, Immission, L\u00e4rmgutachten, Lichtgutachten, PV-Anlage, Blendung, Blendgutachten, Messungen, \u00d6AL, L\u00e4rmbek\u00e4mpfung, TAS SV-GmbH, T\u00dcV Austria, Bioakustik, Sounddesign, OVE Richtlinie R11-3, \u00d6NORM O 1052<\/p>\n\n\n\n<p><\/p>\n","protected":false},"excerpt":{"rendered":"<p>Als beeideter Sachverst\u00e4ndiger f\u00fcr Licht- und L\u00e4rmimmissionen (Fachgebiet 06.40 \u201eMa\u00dfnahmen zur Vermeidung \u00fcberh\u00f6hter L\u00e4rmentfaltung\u201c zur G\u00e4nze und Fachgebiete 06.01 \u201eNaturschutz\u201c und 06.70 \u201eUmweltsch\u00e4den, Umweltvertr\u00e4glichkeit, Sanierung\u201c<\/p>\n","protected":false},"author":1,"featured_media":0,"parent":0,"menu_order":0,"comment_status":"closed","ping_status":"closed","template":"","meta":{"footnotes":""},"class_list":["post-30","page","type-page","status-publish","hentry","three-columns"],"_links":{"self":[{"href":"https:\/\/www.sachverstand.org\/blog11\/wp-json\/wp\/v2\/pages\/30","targetHints":{"allow":["GET"]}}],"collection":[{"href":"https:\/\/www.sachverstand.org\/blog11\/wp-json\/wp\/v2\/pages"}],"about":[{"href":"https:\/\/www.sachverstand.org\/blog11\/wp-json\/wp\/v2\/types\/page"}],"author":[{"embeddable":true,"href":"https:\/\/www.sachverstand.org\/blog11\/wp-json\/wp\/v2\/users\/1"}],"replies":[{"embeddable":true,"href":"https:\/\/www.sachverstand.org\/blog11\/wp-json\/wp\/v2\/comments?post=30"}],"version-history":[{"count":74,"href":"https:\/\/www.sachverstand.org\/blog11\/wp-json\/wp\/v2\/pages\/30\/revisions"}],"predecessor-version":[{"id":1719,"href":"https:\/\/www.sachverstand.org\/blog11\/wp-json\/wp\/v2\/pages\/30\/revisions\/1719"}],"wp:attachment":[{"href":"https:\/\/www.sachverstand.org\/blog11\/wp-json\/wp\/v2\/media?parent=30"}],"curies":[{"name":"wp","href":"https:\/\/api.w.org\/{rel}","templated":true}]}}